{"id":1773,"date":"2025-09-25T17:34:54","date_gmt":"2025-09-25T17:34:54","guid":{"rendered":"https:\/\/www.colegiocontadero.edu.mx\/?page_id=1773"},"modified":"2025-09-25T17:47:58","modified_gmt":"2025-09-25T17:47:58","slug":"centro-terapeutico","status":"publish","type":"page","link":"https:\/\/www.colegiocontadero.edu.mx\/index.php\/centro-terapeutico\/","title":{"rendered":"Centro Terep\u00e9utico"},"content":{"rendered":"\t\t<div data-elementor-type=\"wp-page\" data-elementor-id=\"1773\" class=\"elementor elementor-1773\">\n\t\t\t\t\t\t<section class=\"elementor-section elementor-top-section elementor-element elementor-element-8fb5563 elementor-section-height-min-height elementor-section-boxed elementor-section-height-default elementor-section-items-middle\" data-id=\"8fb5563\" data-element_type=\"section\" data-e-type=\"section\" data-settings=\"{&quot;background_background&quot;:&quot;classic&quot;}\">\n\t\t\t\t\t\t\t<div class=\"elementor-background-overlay\"><\/div>\n\t\t\t\t\t\t\t<div class=\"elementor-container elementor-column-gap-default\">\n\t\t\t\t\t<div class=\"elementor-column elementor-col-100 elementor-top-column elementor-element elementor-element-4552c4d\" data-id=\"4552c4d\" data-element_type=\"column\" data-e-type=\"column\">\n\t\t\t<div class=\"elementor-widget-wrap elementor-element-populated\">\n\t\t\t\t\t\t<div class=\"elementor-element elementor-element-9adcd94 elementor-widget elementor-widget-heading\" data-id=\"9adcd94\" data-element_type=\"widget\" data-e-type=\"widget\" data-widget_type=\"heading.default\">\n\t\t\t\t<div class=\"elementor-widget-container\">\n\t\t\t\t\t<h1 class=\"elementor-heading-title elementor-size-default\">Centro Terap\u00e9utico<\/h1>\t\t\t\t<\/div>\n\t\t\t\t<\/div>\n\t\t\t\t\t<\/div>\n\t\t<\/div>\n\t\t\t\t\t<\/div>\n\t\t<\/section>\n\t\t\t\t<section class=\"elementor-section elementor-top-section elementor-element elementor-element-174bb66 elementor-section-boxed elementor-section-height-default elementor-section-height-default\" data-id=\"174bb66\" data-element_type=\"section\" data-e-type=\"section\" data-settings=\"{&quot;background_background&quot;:&quot;classic&quot;}\">\n\t\t\t\t\t\t<div class=\"elementor-container elementor-column-gap-default\">\n\t\t\t\t\t<div class=\"elementor-column elementor-col-33 elementor-top-column elementor-element elementor-element-9fbb76e\" data-id=\"9fbb76e\" data-element_type=\"column\" data-e-type=\"column\">\n\t\t\t<div class=\"elementor-widget-wrap elementor-element-populated\">\n\t\t\t\t\t\t<div class=\"elementor-element elementor-element-93583b8 elementor-widget elementor-widget-heading\" data-id=\"93583b8\" data-element_type=\"widget\" data-e-type=\"widget\" data-widget_type=\"heading.default\">\n\t\t\t\t<div class=\"elementor-widget-container\">\n\t\t\t\t\t<h3 class=\"elementor-heading-title elementor-size-default\">Misi\u00f3n<\/h3>\t\t\t\t<\/div>\n\t\t\t\t<\/div>\n\t\t\t\t<div class=\"elementor-element elementor-element-e474af0 elementor-widget elementor-widget-text-editor\" data-id=\"e474af0\" data-element_type=\"widget\" data-e-type=\"widget\" data-widget_type=\"text-editor.default\">\n\t\t\t\t<div class=\"elementor-widget-container\">\n\t\t\t\t\t\t\t\t\t<p>Brindar atenci\u00f3n terap\u00e9utica integral, inclusiva y de calidad a ni\u00f1os, j\u00f3venes y adultos, fortaleciendo su desarrollo f\u00edsico, emocional, cognitivo y social. El centro busca acompa\u00f1ar a las familias y a la comunidad escolar mediante estrategias basadas en la evidencia, el respeto a la diversidad y el compromiso con la sustentabilidad, para mejorar la calidad de vida y fomentar la autonom\u00eda de cada persona.<\/p>\t\t\t\t\t\t\t\t<\/div>\n\t\t\t\t<\/div>\n\t\t\t\t\t<\/div>\n\t\t<\/div>\n\t\t\t\t<div class=\"elementor-column elementor-col-33 elementor-top-column elementor-element elementor-element-16364d1\" data-id=\"16364d1\" data-element_type=\"column\" data-e-type=\"column\">\n\t\t\t<div class=\"elementor-widget-wrap elementor-element-populated\">\n\t\t\t\t\t\t<div class=\"elementor-element elementor-element-b37de8f elementor-widget elementor-widget-heading\" data-id=\"b37de8f\" data-element_type=\"widget\" data-e-type=\"widget\" data-widget_type=\"heading.default\">\n\t\t\t\t<div class=\"elementor-widget-container\">\n\t\t\t\t\t<h3 class=\"elementor-heading-title elementor-size-default\">Visi\u00f3n<\/h3>\t\t\t\t<\/div>\n\t\t\t\t<\/div>\n\t\t\t\t<div class=\"elementor-element elementor-element-296eac2 elementor-widget elementor-widget-text-editor\" data-id=\"296eac2\" data-element_type=\"widget\" data-e-type=\"widget\" data-widget_type=\"text-editor.default\">\n\t\t\t\t<div class=\"elementor-widget-container\">\n\t\t\t\t\t\t\t\t\t<p>Consolidarnos como un referente en M\u00e9xico en atenci\u00f3n terap\u00e9utica inclusiva y sustentable, reconocido por innovar en programas que integran ciencia, educaci\u00f3n, arte, naturaleza y comunidad. Aspiramos a transformar la manera en que se conciben los espacios de rehabilitaci\u00f3n y acompa\u00f1amiento, siendo un modelo replicable que promueva la equidad, la inclusi\u00f3n y el bienestar integral.<\/p>\t\t\t\t\t\t\t\t<\/div>\n\t\t\t\t<\/div>\n\t\t\t\t\t<\/div>\n\t\t<\/div>\n\t\t\t\t<div class=\"elementor-column elementor-col-33 elementor-top-column elementor-element elementor-element-ff24041\" data-id=\"ff24041\" data-element_type=\"column\" data-e-type=\"column\">\n\t\t\t<div class=\"elementor-widget-wrap elementor-element-populated\">\n\t\t\t\t\t\t<div class=\"elementor-element elementor-element-c256dc9 elementor-widget elementor-widget-heading\" data-id=\"c256dc9\" data-element_type=\"widget\" data-e-type=\"widget\" data-widget_type=\"heading.default\">\n\t\t\t\t<div class=\"elementor-widget-container\">\n\t\t\t\t\t<h3 class=\"elementor-heading-title elementor-size-default\">Valores<\/h3>\t\t\t\t<\/div>\n\t\t\t\t<\/div>\n\t\t\t\t<div class=\"elementor-element elementor-element-b48e2a9 elementor-widget elementor-widget-text-editor\" data-id=\"b48e2a9\" data-element_type=\"widget\" data-e-type=\"widget\" data-widget_type=\"text-editor.default\">\n\t\t\t\t<div class=\"elementor-widget-container\">\n\t\t\t\t\t\t\t\t\t<ol><li>Inclusi\u00f3n \u2013 Creemos en la participaci\u00f3n plena y equitativa de todas las personas.<\/li><li>Respeto \u2013 Valoramos la diversidad y dignidad de cada individuo.<\/li><li>Empat\u00eda \u2013 Nos ponemos en el lugar del otro para comprender sus necesidades y emociones.<\/li><li>Responsabilidad \u2013 Actuamos con \u00e9tica y compromiso en cada intervenci\u00f3n.<\/li><li>Colaboraci\u00f3n \u2013 Impulsamos el trabajo en equipo entre terapeutas, docentes, familias y comunidad.<\/li><li>Innovaci\u00f3n \u2013 Incorporamos metodolog\u00edas creativas, cient\u00edficas y tecnol\u00f3gicas en los procesos terap\u00e9uticos.<\/li><li>Sustentabilidad \u2013 Promovemos pr\u00e1cticas responsables con el medio ambiente en cada acci\u00f3n del centro.<\/li><\/ol>\t\t\t\t\t\t\t\t<\/div>\n\t\t\t\t<\/div>\n\t\t\t\t\t<\/div>\n\t\t<\/div>\n\t\t\t\t\t<\/div>\n\t\t<\/section>\n\t\t\t\t<section class=\"elementor-section elementor-top-section elementor-element elementor-element-8d4dffc elementor-section-boxed elementor-section-height-default elementor-section-height-default\" data-id=\"8d4dffc\" data-element_type=\"section\" data-e-type=\"section\" data-settings=\"{&quot;background_background&quot;:&quot;classic&quot;}\">\n\t\t\t\t\t\t<div class=\"elementor-container elementor-column-gap-default\">\n\t\t\t\t\t<div class=\"elementor-column elementor-col-100 elementor-top-column elementor-element elementor-element-d0c628f\" data-id=\"d0c628f\" data-element_type=\"column\" data-e-type=\"column\">\n\t\t\t<div class=\"elementor-widget-wrap elementor-element-populated\">\n\t\t\t\t\t\t<div class=\"elementor-element elementor-element-30ef7c7 elementor-widget elementor-widget-heading\" data-id=\"30ef7c7\" data-element_type=\"widget\" data-e-type=\"widget\" data-widget_type=\"heading.default\">\n\t\t\t\t<div class=\"elementor-widget-container\">\n\t\t\t\t\t<h3 class=\"elementor-heading-title elementor-size-default\">Objetivo<\/h3>\t\t\t\t<\/div>\n\t\t\t\t<\/div>\n\t\t\t\t<div class=\"elementor-element elementor-element-db7c82a elementor-widget elementor-widget-text-editor\" data-id=\"db7c82a\" data-element_type=\"widget\" data-e-type=\"widget\" data-widget_type=\"text-editor.default\">\n\t\t\t\t<div class=\"elementor-widget-container\">\n\t\t\t\t\t\t\t\t\t<ol><li>Atenci\u00f3n Integral: Dise\u00f1ar e implementar programas terap\u00e9uticos personalizados que integren \u00e1reas cognitivas, f\u00edsicas, emocionales, sociales y art\u00edsticas.<\/li><li>Inclusi\u00f3n Escolar y Comunitaria: Favorecer la participaci\u00f3n plena de los alumnos en el Colegio Contadero y en otros entornos sociales.<\/li><li>Formaci\u00f3n Continua: Capacitar a docentes, terapeutas y familias en estrategias inclusivas, constructivistas y sustentables.<\/li><li>Innovaci\u00f3n Terap\u00e9utica: Integrar enfoques interdisciplinarios y recursos tecnol\u00f3gicos que fortalezcan el aprendizaje y la rehabilitaci\u00f3n.<\/li><li>Bienestar Familiar: Acompa\u00f1ar a las familias mediante orientaci\u00f3n, talleres y programas que promuevan redes de apoyo.<\/li><li>Sustentabilidad: Incorporar pr\u00e1cticas ambientales responsables en la operaci\u00f3n del centro, generando conciencia ecol\u00f3gica.<\/li><li>Proyecci\u00f3n Social: Posicionar al centro como un modelo replicable que promueva inclusi\u00f3n y sustentabilidad en la comunidad educativa y m\u00e1s all\u00e1.<\/li><\/ol>\t\t\t\t\t\t\t\t<\/div>\n\t\t\t\t<\/div>\n\t\t\t\t\t<\/div>\n\t\t<\/div>\n\t\t\t\t\t<\/div>\n\t\t<\/section>\n\t\t\t\t<\/div>\n\t\t","protected":false},"excerpt":{"rendered":"<p>Centro Terap\u00e9utico Misi\u00f3n Brindar atenci\u00f3n terap\u00e9utica integral, inclusiva y de calidad a ni\u00f1os, j\u00f3venes y adultos, fortaleciendo su desarrollo f\u00edsico, emocional, cognitivo y social. El centro busca acompa\u00f1ar a las familias y a la comunidad escolar mediante estrategias basadas en la evidencia, el respeto a la diversidad y el compromiso con la sustentabilidad, para mejorar [&hellip;]<\/p>\n","protected":false},"author":1,"featured_media":0,"parent":0,"menu_order":0,"comment_status":"closed","ping_status":"closed","template":"","meta":{"site-sidebar-layout":"no-sidebar","site-content-layout":"page-builder","ast-site-content-layout":"full-width-container","site-content-style":"default","site-sidebar-style":"default","ast-global-header-display":"","ast-banner-title-visibility":"","ast-main-header-display":"","ast-hfb-above-header-display":"","ast-hfb-below-header-display":"","ast-hfb-mobile-header-display":"","site-post-title":"","ast-breadcrumbs-content":"","ast-featured-img":"disabled","footer-sml-layout":"","ast-disable-related-posts":"","theme-transparent-header-meta":"","adv-header-id-meta":"","stick-header-meta":"","header-above-stick-meta":"","header-main-stick-meta":"","header-below-stick-meta":"","astra-migrate-meta-layouts":"default","ast-page-background-enabled":"default","ast-page-background-meta":{"desktop":{"background-color":"var(--ast-global-color-4)","background-image":"","background-repeat":"repeat","background-position":"center center","background-size":"auto","background-attachment":"scroll","background-type":"","background-media":"","overlay-type":"","overlay-color":"","overlay-opacity":"","overlay-gradient":""},"tablet":{"background-color":"","background-image":"","background-repeat":"repeat","background-position":"center center","background-size":"auto","background-attachment":"scroll","background-type":"","background-media":"","overlay-type":"","overlay-color":"","overlay-opacity":"","overlay-gradient":""},"mobile":{"background-color":"","background-image":"","background-repeat":"repeat","background-position":"center center","background-size":"auto","background-attachment":"scroll","background-type":"","background-media":"","overlay-type":"","overlay-color":"","overlay-opacity":"","overlay-gradient":""}},"ast-content-background-meta":{"desktop":{"background-color":"var(--ast-global-color-5)","background-image":"","background-repeat":"repeat","background-position":"center center","background-size":"auto","background-attachment":"scroll","background-type":"","background-media":"","overlay-type":"","overlay-color":"","overlay-opacity":"","overlay-gradient":""},"tablet":{"background-color":"var(--ast-global-color-5)","background-image":"","background-repeat":"repeat","background-position":"center center","background-size":"auto","background-attachment":"scroll","background-type":"","background-media":"","overlay-type":"","overlay-color":"","overlay-opacity":"","overlay-gradient":""},"mobile":{"background-color":"var(--ast-global-color-5)","background-image":"","background-repeat":"repeat","background-position":"center center","background-size":"auto","background-attachment":"scroll","background-type":"","background-media":"","overlay-type":"","overlay-color":"","overlay-opacity":"","overlay-gradient":""}},"footnotes":""},"class_list":["post-1773","page","type-page","status-publish","hentry"],"_links":{"self":[{"href":"https:\/\/www.colegiocontadero.edu.mx\/index.php\/wp-json\/wp\/v2\/pages\/1773","targetHints":{"allow":["GET"]}}],"collection":[{"href":"https:\/\/www.colegiocontadero.edu.mx\/index.php\/wp-json\/wp\/v2\/pages"}],"about":[{"href":"https:\/\/www.colegiocontadero.edu.mx\/index.php\/wp-json\/wp\/v2\/types\/page"}],"author":[{"embeddable":true,"href":"https:\/\/www.colegiocontadero.edu.mx\/index.php\/wp-json\/wp\/v2\/users\/1"}],"replies":[{"embeddable":true,"href":"https:\/\/www.colegiocontadero.edu.mx\/index.php\/wp-json\/wp\/v2\/comments?post=1773"}],"version-history":[{"count":5,"href":"https:\/\/www.colegiocontadero.edu.mx\/index.php\/wp-json\/wp\/v2\/pages\/1773\/revisions"}],"predecessor-version":[{"id":1778,"href":"https:\/\/www.colegiocontadero.edu.mx\/index.php\/wp-json\/wp\/v2\/pages\/1773\/revisions\/1778"}],"wp:attachment":[{"href":"https:\/\/www.colegiocontadero.edu.mx\/index.php\/wp-json\/wp\/v2\/media?parent=1773"}],"curies":[{"name":"wp","href":"https:\/\/api.w.org\/{rel}","templated":true}]}}