{"id":1723,"date":"2025-08-19T06:27:55","date_gmt":"2025-08-19T06:27:55","guid":{"rendered":"https:\/\/www.colegiocontadero.edu.mx\/?page_id=1723"},"modified":"2025-08-19T06:36:18","modified_gmt":"2025-08-19T06:36:18","slug":"fundamentos","status":"publish","type":"page","link":"https:\/\/www.colegiocontadero.edu.mx\/index.php\/fundamentos\/","title":{"rendered":"Fundamentos"},"content":{"rendered":"\t\t<div data-elementor-type=\"wp-page\" data-elementor-id=\"1723\" class=\"elementor elementor-1723\">\n\t\t\t\t\t\t<section class=\"elementor-section elementor-top-section elementor-element elementor-element-1bf8e6e elementor-section-height-min-height elementor-section-boxed elementor-section-height-default elementor-section-items-middle\" data-id=\"1bf8e6e\" data-element_type=\"section\" data-e-type=\"section\" data-settings=\"{&quot;background_background&quot;:&quot;classic&quot;}\">\n\t\t\t\t\t\t\t<div class=\"elementor-background-overlay\"><\/div>\n\t\t\t\t\t\t\t<div class=\"elementor-container elementor-column-gap-default\">\n\t\t\t\t\t<div class=\"elementor-column elementor-col-100 elementor-top-column elementor-element elementor-element-8925827\" data-id=\"8925827\" data-element_type=\"column\" data-e-type=\"column\">\n\t\t\t<div class=\"elementor-widget-wrap elementor-element-populated\">\n\t\t\t\t\t\t<div class=\"elementor-element elementor-element-daff958 elementor-widget elementor-widget-heading\" data-id=\"daff958\" data-element_type=\"widget\" data-e-type=\"widget\" data-widget_type=\"heading.default\">\n\t\t\t\t<div class=\"elementor-widget-container\">\n\t\t\t\t\t<h1 class=\"elementor-heading-title elementor-size-default\">Fundamentos<\/h1>\t\t\t\t<\/div>\n\t\t\t\t<\/div>\n\t\t\t\t\t<\/div>\n\t\t<\/div>\n\t\t\t\t\t<\/div>\n\t\t<\/section>\n\t\t\t\t<section class=\"elementor-section elementor-top-section elementor-element elementor-element-6f7c08a elementor-section-boxed elementor-section-height-default elementor-section-height-default\" data-id=\"6f7c08a\" data-element_type=\"section\" data-e-type=\"section\">\n\t\t\t\t\t\t<div class=\"elementor-container elementor-column-gap-default\">\n\t\t\t\t\t<div class=\"elementor-column elementor-col-33 elementor-top-column elementor-element elementor-element-6490d2b\" data-id=\"6490d2b\" data-element_type=\"column\" data-e-type=\"column\">\n\t\t\t<div class=\"elementor-widget-wrap elementor-element-populated\">\n\t\t\t\t\t\t<div class=\"elementor-element elementor-element-454059a elementor-widget elementor-widget-heading\" data-id=\"454059a\" data-element_type=\"widget\" data-e-type=\"widget\" data-widget_type=\"heading.default\">\n\t\t\t\t<div class=\"elementor-widget-container\">\n\t\t\t\t\t<h3 class=\"elementor-heading-title elementor-size-default\">Constructivista<\/h3>\t\t\t\t<\/div>\n\t\t\t\t<\/div>\n\t\t\t\t<div class=\"elementor-element elementor-element-167ee49 elementor-widget elementor-widget-text-editor\" data-id=\"167ee49\" data-element_type=\"widget\" data-e-type=\"widget\" data-widget_type=\"text-editor.default\">\n\t\t\t\t<div class=\"elementor-widget-container\">\n\t\t\t\t\t\t\t\t\t<div class=\"panel-body\"><p>Es la base de nuestro modelo educativo y principal diferenciador versus el sistema tradicional de ense\u00f1anza en nuestro pa\u00eds.<\/p><p>En nuestro colegio los alumnos construyen su propio conocimiento trav\u00e9s de proyectos de investigaci\u00f3n guiados por sus profesores. Las unidades de investigaci\u00f3n van ligadas a los planes educativos tradicionales (SEP), pero son abordados con metodolog\u00edas que les hace m\u00e1s significativo su aprendizaje.<\/p><p>Nuestros programas sello como LEGO\u00ae Education Program, Qbit\u2019s forman parte de las actividades rutinarias de nuestros alumnos, por ello la construcci\u00f3n de su conocimiento se ve fortalecido de manera contundente en el d\u00eda a d\u00eda.<\/p><\/div>\t\t\t\t\t\t\t\t<\/div>\n\t\t\t\t<\/div>\n\t\t\t\t\t<\/div>\n\t\t<\/div>\n\t\t\t\t<div class=\"elementor-column elementor-col-33 elementor-top-column elementor-element elementor-element-c1ee0d6\" data-id=\"c1ee0d6\" data-element_type=\"column\" data-e-type=\"column\">\n\t\t\t<div class=\"elementor-widget-wrap elementor-element-populated\">\n\t\t\t\t\t\t<div class=\"elementor-element elementor-element-f73e1c7 elementor-widget elementor-widget-heading\" data-id=\"f73e1c7\" data-element_type=\"widget\" data-e-type=\"widget\" data-widget_type=\"heading.default\">\n\t\t\t\t<div class=\"elementor-widget-container\">\n\t\t\t\t\t<h3 class=\"elementor-heading-title elementor-size-default\">Mixto<\/h3>\t\t\t\t<\/div>\n\t\t\t\t<\/div>\n\t\t\t\t<div class=\"elementor-element elementor-element-e8a8136 elementor-widget elementor-widget-text-editor\" data-id=\"e8a8136\" data-element_type=\"widget\" data-e-type=\"widget\" data-widget_type=\"text-editor.default\">\n\t\t\t\t<div class=\"elementor-widget-container\">\n\t\t\t\t\t\t\t\t\t<div class=\"panel-body\"><p>Creemos que la co-educaci\u00f3n es un principio de igualdad fundamental entre ni\u00f1as y ni\u00f1os.<\/p><p>Promovemos el respeto a la igualdad desde la diferencia de g\u00e9nero y ayudamos a que cada alumno potencie su desarrollo y talento en un entorno de equidad. En nuestro colegio se conforman los roles sociales y de grupo por la personalidad y preferencias de cada persona sin importar su g\u00e9nero y por ello no promovemos actividades exclusivas para ni\u00f1as o ni\u00f1os.<\/p><p>Creemos en que los ni\u00f1os y las ni\u00f1as deben coeducarse en la misma aula como \u201cla mejor garant\u00eda para aprender a convivir, aprender a respetarse mutuamente y aprender a asumir y valorar en positivo las diferencias entre hombres y mujeres\u201d.<\/p><\/div>\t\t\t\t\t\t\t\t<\/div>\n\t\t\t\t<\/div>\n\t\t\t\t\t<\/div>\n\t\t<\/div>\n\t\t\t\t<div class=\"elementor-column elementor-col-33 elementor-top-column elementor-element elementor-element-2cec0b6\" data-id=\"2cec0b6\" data-element_type=\"column\" data-e-type=\"column\">\n\t\t\t<div class=\"elementor-widget-wrap elementor-element-populated\">\n\t\t\t\t\t\t<div class=\"elementor-element elementor-element-5f8a4d8 elementor-widget elementor-widget-heading\" data-id=\"5f8a4d8\" data-element_type=\"widget\" data-e-type=\"widget\" data-widget_type=\"heading.default\">\n\t\t\t\t<div class=\"elementor-widget-container\">\n\t\t\t\t\t<h3 class=\"elementor-heading-title elementor-size-default\">Inclusivo<\/h3>\t\t\t\t<\/div>\n\t\t\t\t<\/div>\n\t\t\t\t<div class=\"elementor-element elementor-element-7e3f565 elementor-widget elementor-widget-text-editor\" data-id=\"7e3f565\" data-element_type=\"widget\" data-e-type=\"widget\" data-widget_type=\"text-editor.default\">\n\t\t\t\t<div class=\"elementor-widget-container\">\n\t\t\t\t\t\t\t\t\t<p>Nuestros alumnos aprenden, juegan y conviven juntos, independientemente de sus condiciones personales, sociales o culturales, incluidos aquellos que presentan una discapacidad. Apoyamos a los alumnos que as\u00ed lo necesiten, con adecuaciones curriculares para potenciar su desarrollo desde su propia perspectiva y capacidades. Contamos con un programa de capacitaci\u00f3n, actualizaci\u00f3n y coordinaci\u00f3n de acompa\u00f1antes terap\u00e9uticos o \u201csombras\u201d que se inscriben en la cotidianeidad del alumno, involucr\u00e1ndose de manera vivencial, ayud\u00e1ndolo, brind\u00e1ndole contenci\u00f3n, inform\u00e1ndolo, pudiendo facilitar y promover los cuidados necesarios al proceso terap\u00e9utico.<\/p>\t\t\t\t\t\t\t\t<\/div>\n\t\t\t\t<\/div>\n\t\t\t\t\t<\/div>\n\t\t<\/div>\n\t\t\t\t\t<\/div>\n\t\t<\/section>\n\t\t\t\t<section class=\"elementor-section elementor-top-section elementor-element elementor-element-3711147 elementor-section-boxed elementor-section-height-default elementor-section-height-default\" data-id=\"3711147\" data-element_type=\"section\" data-e-type=\"section\" data-settings=\"{&quot;background_background&quot;:&quot;classic&quot;}\">\n\t\t\t\t\t\t<div class=\"elementor-container elementor-column-gap-default\">\n\t\t\t\t\t<div class=\"elementor-column elementor-col-33 elementor-top-column elementor-element elementor-element-beed88d\" data-id=\"beed88d\" data-element_type=\"column\" data-e-type=\"column\">\n\t\t\t<div class=\"elementor-widget-wrap elementor-element-populated\">\n\t\t\t\t\t\t<div class=\"elementor-element elementor-element-ca985eb elementor-widget elementor-widget-heading\" data-id=\"ca985eb\" data-element_type=\"widget\" data-e-type=\"widget\" data-widget_type=\"heading.default\">\n\t\t\t\t<div class=\"elementor-widget-container\">\n\t\t\t\t\t<h3 class=\"elementor-heading-title elementor-size-default\">Laica<\/h3>\t\t\t\t<\/div>\n\t\t\t\t<\/div>\n\t\t\t\t<div class=\"elementor-element elementor-element-7258fef elementor-widget elementor-widget-text-editor\" data-id=\"7258fef\" data-element_type=\"widget\" data-e-type=\"widget\" data-widget_type=\"text-editor.default\">\n\t\t\t\t<div class=\"elementor-widget-container\">\n\t\t\t\t\t\t\t\t\t<div class=\"panel-body\"><p>Prescindimos de toda instrucci\u00f3n religiosa como principio fundamental de respeto por nuestras diversas formas de pensamiento.<\/p><p>Nuestros alumnos se desarrollan en un ambiente respetuoso, ajeno de tradiciones religiosas de cualquier tipo.<\/p><\/div>\t\t\t\t\t\t\t\t<\/div>\n\t\t\t\t<\/div>\n\t\t\t\t\t<\/div>\n\t\t<\/div>\n\t\t\t\t<div class=\"elementor-column elementor-col-33 elementor-top-column elementor-element elementor-element-2b591fe\" data-id=\"2b591fe\" data-element_type=\"column\" data-e-type=\"column\">\n\t\t\t<div class=\"elementor-widget-wrap elementor-element-populated\">\n\t\t\t\t\t\t<div class=\"elementor-element elementor-element-250196f elementor-widget elementor-widget-heading\" data-id=\"250196f\" data-element_type=\"widget\" data-e-type=\"widget\" data-widget_type=\"heading.default\">\n\t\t\t\t<div class=\"elementor-widget-container\">\n\t\t\t\t\t<h3 class=\"elementor-heading-title elementor-size-default\">Sustentable<\/h3>\t\t\t\t<\/div>\n\t\t\t\t<\/div>\n\t\t\t\t<div class=\"elementor-element elementor-element-ebda9bc elementor-widget elementor-widget-text-editor\" data-id=\"ebda9bc\" data-element_type=\"widget\" data-e-type=\"widget\" data-widget_type=\"text-editor.default\">\n\t\t\t\t<div class=\"elementor-widget-container\">\n\t\t\t\t\t\t\t\t\t<div class=\"panel-body\"><div class=\"panel-body\"><p>La educaci\u00f3n sustentable constituye una s\u00f3lida base para formar l\u00edderes en la soluci\u00f3n de problemas de su entorno.<\/p><p>Nuestros alumnos se comprometen con programas sociales y ambientales que les proporcionan ense\u00f1anzas de vida. Pasamos de la sensibilizaci\u00f3n a la acci\u00f3n a trav\u00e9s de nuestro programa Semilla que vincula el aprendizaje y fomenta el cambio de h\u00e1bitos para mejorar y conservar su medio ambiente f\u00edsico y social.<\/p><\/div><\/div>\t\t\t\t\t\t\t\t<\/div>\n\t\t\t\t<\/div>\n\t\t\t\t\t<\/div>\n\t\t<\/div>\n\t\t\t\t<div class=\"elementor-column elementor-col-33 elementor-top-column elementor-element elementor-element-0fcec1a\" data-id=\"0fcec1a\" data-element_type=\"column\" data-e-type=\"column\">\n\t\t\t<div class=\"elementor-widget-wrap elementor-element-populated\">\n\t\t\t\t\t\t<div class=\"elementor-element elementor-element-48226e6 elementor-widget elementor-widget-heading\" data-id=\"48226e6\" data-element_type=\"widget\" data-e-type=\"widget\" data-widget_type=\"heading.default\">\n\t\t\t\t<div class=\"elementor-widget-container\">\n\t\t\t\t\t<h3 class=\"elementor-heading-title elementor-size-default\">Bilingue<\/h3>\t\t\t\t<\/div>\n\t\t\t\t<\/div>\n\t\t\t\t<div class=\"elementor-element elementor-element-15efb52 elementor-widget elementor-widget-text-editor\" data-id=\"15efb52\" data-element_type=\"widget\" data-e-type=\"widget\" data-widget_type=\"text-editor.default\">\n\t\t\t\t<div class=\"elementor-widget-container\">\n\t\t\t\t\t\t\t\t\t<div class=\"panel-body\"><p>Desarrollamos las habilidades esenciales del idioma ingl\u00e9s explorando temas interdisciplinarios de relevancia dentro del entorno del alumno.<\/p><p>Motivamos la investigaci\u00f3n, el pensamiento cr\u00edtico, la creatividad, la comunicaci\u00f3n oral y escrita de esta segunda lengua. Se ense\u00f1a desde los primeros niveles de educaci\u00f3n con metodolog\u00edas y libros de texto reconocidas.<\/p><\/div>\t\t\t\t\t\t\t\t<\/div>\n\t\t\t\t<\/div>\n\t\t\t\t\t<\/div>\n\t\t<\/div>\n\t\t\t\t\t<\/div>\n\t\t<\/section>\n\t\t\t\t<\/div>\n\t\t","protected":false},"excerpt":{"rendered":"<p>Fundamentos Constructivista Es la base de nuestro modelo educativo y principal diferenciador versus el sistema tradicional de ense\u00f1anza en nuestro pa\u00eds. En nuestro colegio los alumnos construyen su propio conocimiento trav\u00e9s de proyectos de investigaci\u00f3n guiados por sus profesores. Las unidades de investigaci\u00f3n van ligadas a los planes educativos tradicionales (SEP), pero son abordados con [&hellip;]<\/p>\n","protected":false},"author":1,"featured_media":0,"parent":0,"menu_order":0,"comment_status":"closed","ping_status":"closed","template":"","meta":{"site-sidebar-layout":"no-sidebar","site-content-layout":"page-builder","ast-site-content-layout":"full-width-container","site-content-style":"default","site-sidebar-style":"default","ast-global-header-display":"","ast-banner-title-visibility":"","ast-main-header-display":"","ast-hfb-above-header-display":"","ast-hfb-below-header-display":"","ast-hfb-mobile-header-display":"","site-post-title":"","ast-breadcrumbs-content":"","ast-featured-img":"disabled","footer-sml-layout":"","ast-disable-related-posts":"","theme-transparent-header-meta":"","adv-header-id-meta":"","stick-header-meta":"","header-above-stick-meta":"","header-main-stick-meta":"","header-below-stick-meta":"","astra-migrate-meta-layouts":"set","ast-page-background-enabled":"default","ast-page-background-meta":{"desktop":{"background-color":"var(--ast-global-color-4)","background-image":"","background-repeat":"repeat","background-position":"center center","background-size":"auto","background-attachment":"scroll","background-type":"","background-media":"","overlay-type":"","overlay-color":"","overlay-opacity":"","overlay-gradient":""},"tablet":{"background-color":"","background-image":"","background-repeat":"repeat","background-position":"center center","background-size":"auto","background-attachment":"scroll","background-type":"","background-media":"","overlay-type":"","overlay-color":"","overlay-opacity":"","overlay-gradient":""},"mobile":{"background-color":"","background-image":"","background-repeat":"repeat","background-position":"center center","background-size":"auto","background-attachment":"scroll","background-type":"","background-media":"","overlay-type":"","overlay-color":"","overlay-opacity":"","overlay-gradient":""}},"ast-content-background-meta":{"desktop":{"background-color":"var(--ast-global-color-5)","background-image":"","background-repeat":"repeat","background-position":"center center","background-size":"auto","background-attachment":"scroll","background-type":"","background-media":"","overlay-type":"","overlay-color":"","overlay-opacity":"","overlay-gradient":""},"tablet":{"background-color":"var(--ast-global-color-5)","background-image":"","background-repeat":"repeat","background-position":"center center","background-size":"auto","background-attachment":"scroll","background-type":"","background-media":"","overlay-type":"","overlay-color":"","overlay-opacity":"","overlay-gradient":""},"mobile":{"background-color":"var(--ast-global-color-5)","background-image":"","background-repeat":"repeat","background-position":"center center","background-size":"auto","background-attachment":"scroll","background-type":"","background-media":"","overlay-type":"","overlay-color":"","overlay-opacity":"","overlay-gradient":""}},"footnotes":""},"class_list":["post-1723","page","type-page","status-publish","hentry"],"_links":{"self":[{"href":"https:\/\/www.colegiocontadero.edu.mx\/index.php\/wp-json\/wp\/v2\/pages\/1723","targetHints":{"allow":["GET"]}}],"collection":[{"href":"https:\/\/www.colegiocontadero.edu.mx\/index.php\/wp-json\/wp\/v2\/pages"}],"about":[{"href":"https:\/\/www.colegiocontadero.edu.mx\/index.php\/wp-json\/wp\/v2\/types\/page"}],"author":[{"embeddable":true,"href":"https:\/\/www.colegiocontadero.edu.mx\/index.php\/wp-json\/wp\/v2\/users\/1"}],"replies":[{"embeddable":true,"href":"https:\/\/www.colegiocontadero.edu.mx\/index.php\/wp-json\/wp\/v2\/comments?post=1723"}],"version-history":[{"count":8,"href":"https:\/\/www.colegiocontadero.edu.mx\/index.php\/wp-json\/wp\/v2\/pages\/1723\/revisions"}],"predecessor-version":[{"id":1734,"href":"https:\/\/www.colegiocontadero.edu.mx\/index.php\/wp-json\/wp\/v2\/pages\/1723\/revisions\/1734"}],"wp:attachment":[{"href":"https:\/\/www.colegiocontadero.edu.mx\/index.php\/wp-json\/wp\/v2\/media?parent=1723"}],"curies":[{"name":"wp","href":"https:\/\/api.w.org\/{rel}","templated":true}]}}