{"id":14,"date":"2021-11-21T15:14:19","date_gmt":"2021-11-21T15:14:19","guid":{"rendered":"https:\/\/www.colegiocontadero.edu.mx\/index.php\/about\/"},"modified":"2025-08-27T18:12:45","modified_gmt":"2025-08-27T18:12:45","slug":"nosotros","status":"publish","type":"page","link":"https:\/\/www.colegiocontadero.edu.mx\/index.php\/nosotros\/","title":{"rendered":"Nosotros"},"content":{"rendered":"\t\t<div data-elementor-type=\"wp-page\" data-elementor-id=\"14\" class=\"elementor elementor-14\">\n\t\t\t\t\t\t<section class=\"elementor-section elementor-top-section elementor-element elementor-element-c8ddeb6 elementor-section-height-min-height elementor-section-boxed elementor-section-height-default elementor-section-items-middle\" data-id=\"c8ddeb6\" data-element_type=\"section\" data-e-type=\"section\" data-settings=\"{&quot;background_background&quot;:&quot;classic&quot;}\">\n\t\t\t\t\t\t\t<div class=\"elementor-background-overlay\"><\/div>\n\t\t\t\t\t\t\t<div class=\"elementor-container elementor-column-gap-default\">\n\t\t\t\t\t<div class=\"elementor-column elementor-col-100 elementor-top-column elementor-element elementor-element-6a5337e\" data-id=\"6a5337e\" data-element_type=\"column\" data-e-type=\"column\">\n\t\t\t<div class=\"elementor-widget-wrap elementor-element-populated\">\n\t\t\t\t\t\t<div class=\"elementor-element elementor-element-feefb6c elementor-widget elementor-widget-heading\" data-id=\"feefb6c\" data-element_type=\"widget\" data-e-type=\"widget\" data-widget_type=\"heading.default\">\n\t\t\t\t<div class=\"elementor-widget-container\">\n\t\t\t\t\t<h1 class=\"elementor-heading-title elementor-size-default\">Nosotros<\/h1>\t\t\t\t<\/div>\n\t\t\t\t<\/div>\n\t\t\t\t\t<\/div>\n\t\t<\/div>\n\t\t\t\t\t<\/div>\n\t\t<\/section>\n\t\t\t\t<section class=\"elementor-section elementor-top-section elementor-element elementor-element-034f786 elementor-section-boxed elementor-section-height-default elementor-section-height-default\" data-id=\"034f786\" data-element_type=\"section\" data-e-type=\"section\">\n\t\t\t\t\t\t<div class=\"elementor-container elementor-column-gap-default\">\n\t\t\t\t\t<div class=\"elementor-column elementor-col-100 elementor-top-column elementor-element elementor-element-ba0c118\" data-id=\"ba0c118\" data-element_type=\"column\" data-e-type=\"column\">\n\t\t\t<div class=\"elementor-widget-wrap elementor-element-populated\">\n\t\t\t\t\t\t<div class=\"elementor-element elementor-element-3dc998b elementor-widget elementor-widget-heading\" data-id=\"3dc998b\" data-element_type=\"widget\" data-e-type=\"widget\" data-widget_type=\"heading.default\">\n\t\t\t\t<div class=\"elementor-widget-container\">\n\t\t\t\t\t<h4 class=\"elementor-heading-title elementor-size-default\">Somos una escuela en donde trabajamos a favor de la diversidad, equidad e inclusi\u00f3n, cuyo eje fundamental es el trabajo a favor respeto, solidaridad y empat\u00eda con el otro, con el medio ambiente y con uno mismo.<br>Contamos con Preescolar, Primaria, Secundaria y Preparatoria (Proyecto Ser).<\/h4>\t\t\t\t<\/div>\n\t\t\t\t<\/div>\n\t\t\t\t\t<\/div>\n\t\t<\/div>\n\t\t\t\t\t<\/div>\n\t\t<\/section>\n\t\t\t\t<section class=\"elementor-section elementor-top-section elementor-element elementor-element-01d2322 elementor-section-boxed elementor-section-height-default elementor-section-height-default\" data-id=\"01d2322\" data-element_type=\"section\" data-e-type=\"section\" data-settings=\"{&quot;background_background&quot;:&quot;classic&quot;}\">\n\t\t\t\t\t\t<div class=\"elementor-container elementor-column-gap-default\">\n\t\t\t\t\t<div class=\"elementor-column elementor-col-50 elementor-top-column elementor-element elementor-element-b3b69a1\" data-id=\"b3b69a1\" data-element_type=\"column\" data-e-type=\"column\">\n\t\t\t<div class=\"elementor-widget-wrap elementor-element-populated\">\n\t\t\t\t\t\t<div class=\"elementor-element elementor-element-43f22d2 elementor-widget elementor-widget-heading\" data-id=\"43f22d2\" data-element_type=\"widget\" data-e-type=\"widget\" data-widget_type=\"heading.default\">\n\t\t\t\t<div class=\"elementor-widget-container\">\n\t\t\t\t\t<h3 class=\"elementor-heading-title elementor-size-default\">Misi\u00f3n<\/h3>\t\t\t\t<\/div>\n\t\t\t\t<\/div>\n\t\t\t\t<div class=\"elementor-element elementor-element-b660162 elementor-widget elementor-widget-text-editor\" data-id=\"b660162\" data-element_type=\"widget\" data-e-type=\"widget\" data-widget_type=\"text-editor.default\">\n\t\t\t\t<div class=\"elementor-widget-container\">\n\t\t\t\t\t\t\t\t\t<p>Desarrollar personas con actitudes y habilidades acad\u00e9micas, sociales y afectivas, dentro de una comunidad educativa, con sistema inclusivo, responsable con la cultura de paz y no violencia, para que sean sensibles y capaces de enfrentar los desafios de su medio ambiente f\u00edsico y social en el marco de una cultura de desarrollo sostenible.<\/p>\t\t\t\t\t\t\t\t<\/div>\n\t\t\t\t<\/div>\n\t\t\t\t\t<\/div>\n\t\t<\/div>\n\t\t\t\t<div class=\"elementor-column elementor-col-50 elementor-top-column elementor-element elementor-element-c652dba\" data-id=\"c652dba\" data-element_type=\"column\" data-e-type=\"column\">\n\t\t\t<div class=\"elementor-widget-wrap elementor-element-populated\">\n\t\t\t\t\t\t<div class=\"elementor-element elementor-element-0b73208 elementor-widget elementor-widget-heading\" data-id=\"0b73208\" data-element_type=\"widget\" data-e-type=\"widget\" data-widget_type=\"heading.default\">\n\t\t\t\t<div class=\"elementor-widget-container\">\n\t\t\t\t\t<h3 class=\"elementor-heading-title elementor-size-default\">Visi\u00f3n<\/h3>\t\t\t\t<\/div>\n\t\t\t\t<\/div>\n\t\t\t\t<div class=\"elementor-element elementor-element-52b1598 elementor-widget elementor-widget-text-editor\" data-id=\"52b1598\" data-element_type=\"widget\" data-e-type=\"widget\" data-widget_type=\"text-editor.default\">\n\t\t\t\t<div class=\"elementor-widget-container\">\n\t\t\t\t\t\t\t\t\t<p>Consolidarnos como una comunidad educativa de vanguardia, pionera en el desarrollo de metodolog\u00edas y sistemas de ense\u00f1anza cuyos logros sean un punto de referencia en M\u00e9xico y Latinoam\u00e9rica en temas de sustentabilidad, inclusi\u00f3n, constructivismo y docencia.<\/p>\t\t\t\t\t\t\t\t<\/div>\n\t\t\t\t<\/div>\n\t\t\t\t\t<\/div>\n\t\t<\/div>\n\t\t\t\t\t<\/div>\n\t\t<\/section>\n\t\t\t\t<section class=\"elementor-section elementor-top-section elementor-element elementor-element-2cad3d5 elementor-section-boxed elementor-section-height-default elementor-section-height-default\" data-id=\"2cad3d5\" data-element_type=\"section\" data-e-type=\"section\">\n\t\t\t\t\t\t<div class=\"elementor-container elementor-column-gap-default\">\n\t\t\t\t\t<div class=\"elementor-column elementor-col-100 elementor-top-column elementor-element elementor-element-a7b90f3\" data-id=\"a7b90f3\" data-element_type=\"column\" data-e-type=\"column\">\n\t\t\t<div class=\"elementor-widget-wrap elementor-element-populated\">\n\t\t\t\t\t\t<div class=\"elementor-element elementor-element-60296d4 elementor-widget elementor-widget-image\" data-id=\"60296d4\" data-element_type=\"widget\" data-e-type=\"widget\" data-widget_type=\"image.default\">\n\t\t\t\t<div class=\"elementor-widget-container\">\n\t\t\t\t\t\t\t\t\t\t\t\t\t\t\t<img fetchpriority=\"high\" decoding=\"async\" width=\"1024\" height=\"772\" src=\"https:\/\/www.colegiocontadero.edu.mx\/wp-content\/uploads\/2023\/09\/WhatsApp-Image-2023-06-21-at-09.52.21-C2.jpg\" class=\"attachment-full size-full wp-image-1511\" alt=\"\" srcset=\"https:\/\/www.colegiocontadero.edu.mx\/wp-content\/uploads\/2023\/09\/WhatsApp-Image-2023-06-21-at-09.52.21-C2.jpg 1024w, https:\/\/www.colegiocontadero.edu.mx\/wp-content\/uploads\/2023\/09\/WhatsApp-Image-2023-06-21-at-09.52.21-C2-300x226.jpg 300w, https:\/\/www.colegiocontadero.edu.mx\/wp-content\/uploads\/2023\/09\/WhatsApp-Image-2023-06-21-at-09.52.21-C2-768x579.jpg 768w\" sizes=\"(max-width: 1024px) 100vw, 1024px\" \/>\t\t\t\t\t\t\t\t\t\t\t\t\t\t\t<\/div>\n\t\t\t\t<\/div>\n\t\t\t\t<div class=\"elementor-element elementor-element-79bd288 elementor-widget elementor-widget-text-editor\" data-id=\"79bd288\" data-element_type=\"widget\" data-e-type=\"widget\" data-widget_type=\"text-editor.default\">\n\t\t\t\t<div class=\"elementor-widget-container\">\n\t\t\t\t\t\t\t\t\t<p><b>Primera escuela en la Rep\u00fablica Mexicana en obtener el m\u00e1s alto reconocimiento otorgado ,en el 2014 ,por el FEE (Foundation for Environmental Education) en temas de trabajo a favor de la sustentabilidad. Durante esta d\u00e9cada hemos sido reconocidos por la misma ONG con el m\u00e1s alto reconocimiento en el trabajo a\u00a0 favor de los bosques LEAF; la Green Flag de Ecoschool .Hemos participado en Young reporter for the environment , YRE, obteniendo primeros lugares a nivel nacional; as\u00ed c\u00f3mo en Teacher s award, compitieron con otros 3000 maestros a nivel internacional obteniendo el primer lugar .<\/b><\/p><p><b>Asesoramos a escuelas p\u00fablicas para que vayan conociendo y trabajando a favor del cuidado ambiental.<\/b><\/p><p><b>Esto nos posiciona como la escuela que trabaja ,en todos los niveles ,a fondo a favor de la sustentabilidad<\/b><\/p><p>\u00a0<\/p><p><b>Somos unas escuela que trabaja transversalmente en la cultura DEI, Diversidad, equidad e inclusi\u00f3n lo que nos hace ser de las pocas escuelas en las qu\u00e9 los alumnos con alguna barrera trabaja dentro de los grupos con el resto de los compa\u00f1eros.<\/b><\/p>\t\t\t\t\t\t\t\t<\/div>\n\t\t\t\t<\/div>\n\t\t\t\t\t<\/div>\n\t\t<\/div>\n\t\t\t\t\t<\/div>\n\t\t<\/section>\n\t\t\t\t<section class=\"elementor-section elementor-top-section elementor-element elementor-element-3d4f0f3 elementor-section-boxed elementor-section-height-default elementor-section-height-default\" data-id=\"3d4f0f3\" data-element_type=\"section\" data-e-type=\"section\" data-settings=\"{&quot;background_background&quot;:&quot;classic&quot;}\">\n\t\t\t\t\t\t<div class=\"elementor-container elementor-column-gap-default\">\n\t\t\t\t\t<div class=\"elementor-column elementor-col-100 elementor-top-column elementor-element elementor-element-d904165\" data-id=\"d904165\" data-element_type=\"column\" data-e-type=\"column\">\n\t\t\t<div class=\"elementor-widget-wrap elementor-element-populated\">\n\t\t\t\t\t\t<div class=\"elementor-element elementor-element-ad61d44 elementor-widget elementor-widget-heading\" data-id=\"ad61d44\" data-element_type=\"widget\" data-e-type=\"widget\" data-widget_type=\"heading.default\">\n\t\t\t\t<div class=\"elementor-widget-container\">\n\t\t\t\t\t<h3 class=\"elementor-heading-title elementor-size-default\">Distintivo de La Foundation for Environmental Education(FEE)<\/h3>\t\t\t\t<\/div>\n\t\t\t\t<\/div>\n\t\t\t\t<div class=\"elementor-element elementor-element-880a160 elementor-widget elementor-widget-image\" data-id=\"880a160\" data-element_type=\"widget\" data-e-type=\"widget\" data-widget_type=\"image.default\">\n\t\t\t\t<div class=\"elementor-widget-container\">\n\t\t\t\t\t\t\t\t\t\t\t\t\t\t\t<img decoding=\"async\" width=\"1700\" height=\"841\" src=\"https:\/\/www.colegiocontadero.edu.mx\/wp-content\/uploads\/2023\/08\/rec-all1.png\" class=\"attachment-full size-full wp-image-1395\" alt=\"\" srcset=\"https:\/\/www.colegiocontadero.edu.mx\/wp-content\/uploads\/2023\/08\/rec-all1.png 1700w, https:\/\/www.colegiocontadero.edu.mx\/wp-content\/uploads\/2023\/08\/rec-all1-300x148.png 300w, https:\/\/www.colegiocontadero.edu.mx\/wp-content\/uploads\/2023\/08\/rec-all1-1024x507.png 1024w, https:\/\/www.colegiocontadero.edu.mx\/wp-content\/uploads\/2023\/08\/rec-all1-768x380.png 768w, https:\/\/www.colegiocontadero.edu.mx\/wp-content\/uploads\/2023\/08\/rec-all1-1536x760.png 1536w\" sizes=\"(max-width: 1700px) 100vw, 1700px\" \/>\t\t\t\t\t\t\t\t\t\t\t\t\t\t\t<\/div>\n\t\t\t\t<\/div>\n\t\t\t\t\t<\/div>\n\t\t<\/div>\n\t\t\t\t\t<\/div>\n\t\t<\/section>\n\t\t\t\t<\/div>\n\t\t","protected":false},"excerpt":{"rendered":"<p>Nosotros Somos una escuela en donde trabajamos a favor de la diversidad, equidad e inclusi\u00f3n, cuyo eje fundamental es el trabajo a favor respeto, solidaridad y empat\u00eda con el otro, con el medio ambiente y con uno mismo.Contamos con Preescolar, Primaria, Secundaria y Preparatoria (Proyecto Ser). Misi\u00f3n Desarrollar personas con actitudes y habilidades acad\u00e9micas, sociales [&hellip;]<\/p>\n","protected":false},"author":1,"featured_media":0,"parent":0,"menu_order":0,"comment_status":"closed","ping_status":"closed","template":"","meta":{"site-sidebar-layout":"no-sidebar","site-content-layout":"page-builder","ast-site-content-layout":"full-width-container","site-content-style":"default","site-sidebar-style":"default","ast-global-header-display":"","ast-banner-title-visibility":"","ast-main-header-display":"","ast-hfb-above-header-display":"","ast-hfb-below-header-display":"","ast-hfb-mobile-header-display":"","site-post-title":"","ast-breadcrumbs-content":"","ast-featured-img":"disabled","footer-sml-layout":"","ast-disable-related-posts":"","theme-transparent-header-meta":"disabled","adv-header-id-meta":"","stick-header-meta":"","header-above-stick-meta":"","header-main-stick-meta":"","header-below-stick-meta":"","astra-migrate-meta-layouts":"default","ast-page-background-enabled":"default","ast-page-background-meta":{"desktop":{"background-color":"var(--ast-global-color-4)","background-image":"","background-repeat":"repeat","background-position":"center center","background-size":"auto","background-attachment":"scroll","background-type":"","background-media":"","overlay-type":"","overlay-color":"","overlay-opacity":"","overlay-gradient":""},"tablet":{"background-color":"","background-image":"","background-repeat":"repeat","background-position":"center center","background-size":"auto","background-attachment":"scroll","background-type":"","background-media":"","overlay-type":"","overlay-color":"","overlay-opacity":"","overlay-gradient":""},"mobile":{"background-color":"","background-image":"","background-repeat":"repeat","background-position":"center center","background-size":"auto","background-attachment":"scroll","background-type":"","background-media":"","overlay-type":"","overlay-color":"","overlay-opacity":"","overlay-gradient":""}},"ast-content-background-meta":{"desktop":{"background-color":"var(--ast-global-color-5)","background-image":"","background-repeat":"repeat","background-position":"center center","background-size":"auto","background-attachment":"scroll","background-type":"","background-media":"","overlay-type":"","overlay-color":"","overlay-opacity":"","overlay-gradient":""},"tablet":{"background-color":"var(--ast-global-color-5)","background-image":"","background-repeat":"repeat","background-position":"center center","background-size":"auto","background-attachment":"scroll","background-type":"","background-media":"","overlay-type":"","overlay-color":"","overlay-opacity":"","overlay-gradient":""},"mobile":{"background-color":"var(--ast-global-color-5)","background-image":"","background-repeat":"repeat","background-position":"center center","background-size":"auto","background-attachment":"scroll","background-type":"","background-media":"","overlay-type":"","overlay-color":"","overlay-opacity":"","overlay-gradient":""}},"footnotes":""},"class_list":["post-14","page","type-page","status-publish","hentry"],"_links":{"self":[{"href":"https:\/\/www.colegiocontadero.edu.mx\/index.php\/wp-json\/wp\/v2\/pages\/14","targetHints":{"allow":["GET"]}}],"collection":[{"href":"https:\/\/www.colegiocontadero.edu.mx\/index.php\/wp-json\/wp\/v2\/pages"}],"about":[{"href":"https:\/\/www.colegiocontadero.edu.mx\/index.php\/wp-json\/wp\/v2\/types\/page"}],"author":[{"embeddable":true,"href":"https:\/\/www.colegiocontadero.edu.mx\/index.php\/wp-json\/wp\/v2\/users\/1"}],"replies":[{"embeddable":true,"href":"https:\/\/www.colegiocontadero.edu.mx\/index.php\/wp-json\/wp\/v2\/comments?post=14"}],"version-history":[{"count":32,"href":"https:\/\/www.colegiocontadero.edu.mx\/index.php\/wp-json\/wp\/v2\/pages\/14\/revisions"}],"predecessor-version":[{"id":1771,"href":"https:\/\/www.colegiocontadero.edu.mx\/index.php\/wp-json\/wp\/v2\/pages\/14\/revisions\/1771"}],"wp:attachment":[{"href":"https:\/\/www.colegiocontadero.edu.mx\/index.php\/wp-json\/wp\/v2\/media?parent=14"}],"curies":[{"name":"wp","href":"https:\/\/api.w.org\/{rel}","templated":true}]}}