{"id":1377,"date":"2023-08-17T02:00:14","date_gmt":"2023-08-17T02:00:14","guid":{"rendered":"https:\/\/www.colegiocontadero.edu.mx\/?page_id=1377"},"modified":"2025-07-22T22:50:22","modified_gmt":"2025-07-22T22:50:22","slug":"inclusion","status":"publish","type":"page","link":"https:\/\/www.colegiocontadero.edu.mx\/index.php\/inclusion\/","title":{"rendered":"Inclusi\u00f3n"},"content":{"rendered":"\t\t<div data-elementor-type=\"wp-page\" data-elementor-id=\"1377\" class=\"elementor elementor-1377\">\n\t\t\t\t\t\t<section class=\"elementor-section elementor-top-section elementor-element elementor-element-e696fa5 elementor-section-height-min-height elementor-section-boxed elementor-section-height-default elementor-section-items-middle\" data-id=\"e696fa5\" data-element_type=\"section\" data-e-type=\"section\" data-settings=\"{&quot;background_background&quot;:&quot;classic&quot;}\">\n\t\t\t\t\t\t\t<div class=\"elementor-background-overlay\"><\/div>\n\t\t\t\t\t\t\t<div class=\"elementor-container elementor-column-gap-default\">\n\t\t\t\t\t<div class=\"elementor-column elementor-col-100 elementor-top-column elementor-element elementor-element-85dde68\" data-id=\"85dde68\" data-element_type=\"column\" data-e-type=\"column\">\n\t\t\t<div class=\"elementor-widget-wrap elementor-element-populated\">\n\t\t\t\t\t\t<div class=\"elementor-element elementor-element-6ae34e0 elementor-widget elementor-widget-heading\" data-id=\"6ae34e0\" data-element_type=\"widget\" data-e-type=\"widget\" data-widget_type=\"heading.default\">\n\t\t\t\t<div class=\"elementor-widget-container\">\n\t\t\t\t\t<h1 class=\"elementor-heading-title elementor-size-default\">Inclusi\u00f3n<\/h1>\t\t\t\t<\/div>\n\t\t\t\t<\/div>\n\t\t\t\t\t<\/div>\n\t\t<\/div>\n\t\t\t\t\t<\/div>\n\t\t<\/section>\n\t\t\t\t<section class=\"elementor-section elementor-top-section elementor-element elementor-element-bdb3592 elementor-section-boxed elementor-section-height-default elementor-section-height-default\" data-id=\"bdb3592\" data-element_type=\"section\" data-e-type=\"section\">\n\t\t\t\t\t\t<div class=\"elementor-container elementor-column-gap-default\">\n\t\t\t\t\t<div class=\"elementor-column elementor-col-50 elementor-top-column elementor-element elementor-element-5a6ec30\" data-id=\"5a6ec30\" data-element_type=\"column\" data-e-type=\"column\">\n\t\t\t<div class=\"elementor-widget-wrap elementor-element-populated\">\n\t\t\t\t\t\t<div class=\"elementor-element elementor-element-0ca4a99 elementor-widget elementor-widget-image\" data-id=\"0ca4a99\" data-element_type=\"widget\" data-e-type=\"widget\" data-widget_type=\"image.default\">\n\t\t\t\t<div class=\"elementor-widget-container\">\n\t\t\t\t\t\t\t\t\t\t\t\t\t\t\t<img fetchpriority=\"high\" decoding=\"async\" width=\"768\" height=\"1024\" src=\"https:\/\/www.colegiocontadero.edu.mx\/wp-content\/uploads\/2023\/09\/WhatsApp-Image-2023-06-21-at-09.52.21-C.png\" class=\"attachment-full size-full wp-image-1502\" alt=\"\" srcset=\"https:\/\/www.colegiocontadero.edu.mx\/wp-content\/uploads\/2023\/09\/WhatsApp-Image-2023-06-21-at-09.52.21-C.png 768w, https:\/\/www.colegiocontadero.edu.mx\/wp-content\/uploads\/2023\/09\/WhatsApp-Image-2023-06-21-at-09.52.21-C-225x300.png 225w\" sizes=\"(max-width: 768px) 100vw, 768px\" \/>\t\t\t\t\t\t\t\t\t\t\t\t\t\t\t<\/div>\n\t\t\t\t<\/div>\n\t\t\t\t\t<\/div>\n\t\t<\/div>\n\t\t\t\t<div class=\"elementor-column elementor-col-50 elementor-top-column elementor-element elementor-element-307d1e5\" data-id=\"307d1e5\" data-element_type=\"column\" data-e-type=\"column\">\n\t\t\t<div class=\"elementor-widget-wrap elementor-element-populated\">\n\t\t\t\t\t\t<div class=\"elementor-element elementor-element-acc0431 elementor-widget elementor-widget-text-editor\" data-id=\"acc0431\" data-element_type=\"widget\" data-e-type=\"widget\" data-widget_type=\"text-editor.default\">\n\t\t\t\t<div class=\"elementor-widget-container\">\n\t\t\t\t\t\t\t\t\t<div>En Colegio Contadero trabajamos por la inclusi\u00f3n en donde implica identificar y minimizar las barreras para el aprendizaje y la participaci\u00f3n (BAP), maximizando los recursos para potencializar todas las habilidades de los chicos; dando a todos los alumnos la oportunidad, no s\u00f3lo de integrarse a un grupo regular sino de incluirse en un contexto que les otorgue la posibilidad de desarrollarse acad\u00e9mica, social y emocionalmente, en un espacio que les brinde seguridad y con personas que les valoren por lo que son, tengan o no alguna barrera.<\/div><div>Nuestro modelo inclusivo est\u00e1 basado en Derechos Humanos, para desarrollar la empat\u00eda, respeto, defensa, compromiso, responsabilidad y cooperaci\u00f3n al compartir con otros: habilidades, actitudes, aptitudes y destrezas que nos hacen \u00fanicos y diferentes, pero que, en alg\u00fan punto, logran complementarse con el otro.<\/div>\t\t\t\t\t\t\t\t<\/div>\n\t\t\t\t<\/div>\n\t\t\t\t\t<\/div>\n\t\t<\/div>\n\t\t\t\t\t<\/div>\n\t\t<\/section>\n\t\t\t\t<section class=\"elementor-section elementor-top-section elementor-element elementor-element-2224fff elementor-section-boxed elementor-section-height-default elementor-section-height-default\" data-id=\"2224fff\" data-element_type=\"section\" data-e-type=\"section\" data-settings=\"{&quot;background_background&quot;:&quot;classic&quot;}\">\n\t\t\t\t\t\t<div class=\"elementor-container elementor-column-gap-default\">\n\t\t\t\t\t<div class=\"elementor-column elementor-col-50 elementor-top-column elementor-element elementor-element-36e610c\" data-id=\"36e610c\" data-element_type=\"column\" data-e-type=\"column\">\n\t\t\t<div class=\"elementor-widget-wrap elementor-element-populated\">\n\t\t\t\t\t\t<div class=\"elementor-element elementor-element-04db1c1 elementor-widget elementor-widget-text-editor\" data-id=\"04db1c1\" data-element_type=\"widget\" data-e-type=\"widget\" data-widget_type=\"text-editor.default\">\n\t\t\t\t<div class=\"elementor-widget-container\">\n\t\t\t\t\t\t\t\t\t<div>Fomentamos:<\/div><ul><li>Que todos los alumnos desarrollen la capacidad para enfrentar retos en su ambiente f\u00edsico y social: con habilidades para participar, cooperar, aprender a tolerar, respetar y valorar las diferencias.<\/li><li><div>La no discriminaci\u00f3n de g\u00e9nero, de raza, de religi\u00f3n, de posici\u00f3n social, de ra\u00edces culturales, de alguna barrera (social, acad\u00e9mica, emocional o inclusive, alguna discapacidad).<\/div><div>Tomando en cuenta las necesidades de cada uno de nuestros alumnos se les brindan apoyos necesarios: Adecuaciones curriculares f\u00edsicas y acad\u00e9micas (contenido, forma, metodolog\u00eda, cantidad), formaci\u00f3n de Acompa\u00f1antes Terap\u00e9uticos que se convierten en traductores entre el profesor y el alumno, quien en colaboraci\u00f3n con el Colegio, favorece el desarrollo de habilidades de independencia, de autocontrol, de autodeterminaci\u00f3n, de autonom\u00eda y de vida diaria.<\/div><\/li><li>El desarrollo de actitudes y acciones positivas a favor de la paz personal y comunitaria (bienestar personal y social) a trav\u00e9s del reconocimiento y fortalecimiento del autoestima, autoconcepto y liderazgo.<\/li><\/ul>\t\t\t\t\t\t\t\t<\/div>\n\t\t\t\t<\/div>\n\t\t\t\t\t<\/div>\n\t\t<\/div>\n\t\t\t\t<div class=\"elementor-column elementor-col-50 elementor-top-column elementor-element elementor-element-b7362ab\" data-id=\"b7362ab\" data-element_type=\"column\" data-e-type=\"column\">\n\t\t\t<div class=\"elementor-widget-wrap elementor-element-populated\">\n\t\t\t\t\t\t<div class=\"elementor-element elementor-element-98233db elementor-widget elementor-widget-image\" data-id=\"98233db\" data-element_type=\"widget\" data-e-type=\"widget\" data-widget_type=\"image.default\">\n\t\t\t\t<div class=\"elementor-widget-container\">\n\t\t\t\t\t\t\t\t\t\t\t\t\t\t\t<img decoding=\"async\" width=\"960\" height=\"1280\" src=\"https:\/\/www.colegiocontadero.edu.mx\/wp-content\/uploads\/2023\/09\/IMG-20200303-WA0033.jpg\" class=\"attachment-full size-full wp-image-1516\" alt=\"\" srcset=\"https:\/\/www.colegiocontadero.edu.mx\/wp-content\/uploads\/2023\/09\/IMG-20200303-WA0033.jpg 960w, https:\/\/www.colegiocontadero.edu.mx\/wp-content\/uploads\/2023\/09\/IMG-20200303-WA0033-225x300.jpg 225w, https:\/\/www.colegiocontadero.edu.mx\/wp-content\/uploads\/2023\/09\/IMG-20200303-WA0033-768x1024.jpg 768w\" sizes=\"(max-width: 960px) 100vw, 960px\" \/>\t\t\t\t\t\t\t\t\t\t\t\t\t\t\t<\/div>\n\t\t\t\t<\/div>\n\t\t\t\t\t<\/div>\n\t\t<\/div>\n\t\t\t\t\t<\/div>\n\t\t<\/section>\n\t\t\t\t<section class=\"elementor-section elementor-top-section elementor-element elementor-element-d5462aa elementor-section-boxed elementor-section-height-default elementor-section-height-default\" data-id=\"d5462aa\" data-element_type=\"section\" data-e-type=\"section\">\n\t\t\t\t\t\t<div class=\"elementor-container elementor-column-gap-default\">\n\t\t\t\t\t<div class=\"elementor-column elementor-col-50 elementor-top-column elementor-element elementor-element-1f1c7e1\" data-id=\"1f1c7e1\" data-element_type=\"column\" data-e-type=\"column\">\n\t\t\t<div class=\"elementor-widget-wrap elementor-element-populated\">\n\t\t\t\t\t\t<div class=\"elementor-element elementor-element-3304574 elementor-widget elementor-widget-image\" data-id=\"3304574\" data-element_type=\"widget\" data-e-type=\"widget\" data-widget_type=\"image.default\">\n\t\t\t\t<div class=\"elementor-widget-container\">\n\t\t\t\t\t\t\t\t\t\t\t\t\t\t\t<img decoding=\"async\" width=\"1280\" height=\"960\" src=\"https:\/\/www.colegiocontadero.edu.mx\/wp-content\/uploads\/2023\/09\/IMG-20230616-WA0109.jpg\" class=\"attachment-full size-full wp-image-1493\" alt=\"\" srcset=\"https:\/\/www.colegiocontadero.edu.mx\/wp-content\/uploads\/2023\/09\/IMG-20230616-WA0109.jpg 1280w, https:\/\/www.colegiocontadero.edu.mx\/wp-content\/uploads\/2023\/09\/IMG-20230616-WA0109-300x225.jpg 300w, https:\/\/www.colegiocontadero.edu.mx\/wp-content\/uploads\/2023\/09\/IMG-20230616-WA0109-1024x768.jpg 1024w, https:\/\/www.colegiocontadero.edu.mx\/wp-content\/uploads\/2023\/09\/IMG-20230616-WA0109-768x576.jpg 768w\" sizes=\"(max-width: 1280px) 100vw, 1280px\" \/>\t\t\t\t\t\t\t\t\t\t\t\t\t\t\t<\/div>\n\t\t\t\t<\/div>\n\t\t\t\t\t<\/div>\n\t\t<\/div>\n\t\t\t\t<div class=\"elementor-column elementor-col-50 elementor-top-column elementor-element elementor-element-1fb36dc\" data-id=\"1fb36dc\" data-element_type=\"column\" data-e-type=\"column\">\n\t\t\t<div class=\"elementor-widget-wrap elementor-element-populated\">\n\t\t\t\t\t\t<div class=\"elementor-element elementor-element-34b9a3f elementor-widget elementor-widget-text-editor\" data-id=\"34b9a3f\" data-element_type=\"widget\" data-e-type=\"widget\" data-widget_type=\"text-editor.default\">\n\t\t\t\t<div class=\"elementor-widget-container\">\n\t\t\t\t\t\t\t\t\t<div>Hemos participado en:<\/div><ul><li><div>Premio Iberoamericano la Organizaci\u00f3n de Estados Iberoamericanos para la Educaci\u00f3n, la Ciencia y la Cultura (OEI), de educaci\u00f3n en Derechos Humanos, Fundaci\u00f3n Televisa \u201cMejora tu escuela\u201d, Presentaci\u00f3n de nuestro trabajo en Parlamento Ingl\u00e9s por parte de CEO de FEE, Certificaci\u00f3n por parte de Fundaci\u00f3n en Movimiento \u201cDetecci\u00f3n y prevenci\u00f3n Bullying\u201d<\/div><div>Hemos logrado una comunidad inclusiva, en donde todos nos aceptamos con nuestras diferencias, promovemos la importancia de \u00e9stas y las defendemos, lo que nos permite vivirlas m\u00e1s all\u00e1 de un derecho, lo vivimos como un valor institucional y personal.<\/div><\/li><\/ul>\t\t\t\t\t\t\t\t<\/div>\n\t\t\t\t<\/div>\n\t\t\t\t\t<\/div>\n\t\t<\/div>\n\t\t\t\t\t<\/div>\n\t\t<\/section>\n\t\t\t\t<\/div>\n\t\t","protected":false},"excerpt":{"rendered":"<p>Inclusi\u00f3n En Colegio Contadero trabajamos por la inclusi\u00f3n en donde implica identificar y minimizar las barreras para el aprendizaje y la participaci\u00f3n (BAP), maximizando los recursos para potencializar todas las habilidades de los chicos; dando a todos los alumnos la oportunidad, no s\u00f3lo de integrarse a un grupo regular sino de incluirse en un contexto [&hellip;]<\/p>\n","protected":false},"author":1,"featured_media":0,"parent":0,"menu_order":0,"comment_status":"closed","ping_status":"closed","template":"","meta":{"site-sidebar-layout":"no-sidebar","site-content-layout":"page-builder","ast-site-content-layout":"full-width-container","site-content-style":"unboxed","site-sidebar-style":"default","ast-global-header-display":"","ast-banner-title-visibility":"","ast-main-header-display":"","ast-hfb-above-header-display":"","ast-hfb-below-header-display":"","ast-hfb-mobile-header-display":"","site-post-title":"disabled","ast-breadcrumbs-content":"","ast-featured-img":"disabled","footer-sml-layout":"","ast-disable-related-posts":"","theme-transparent-header-meta":"","adv-header-id-meta":"","stick-header-meta":"","header-above-stick-meta":"","header-main-stick-meta":"","header-below-stick-meta":"","astra-migrate-meta-layouts":"set","ast-page-background-enabled":"default","ast-page-background-meta":{"desktop":{"background-color":"var(--ast-global-color-4)","background-image":"","background-repeat":"repeat","background-position":"center center","background-size":"auto","background-attachment":"scroll","background-type":"","background-media":"","overlay-type":"","overlay-color":"","overlay-opacity":"","overlay-gradient":""},"tablet":{"background-color":"","background-image":"","background-repeat":"repeat","background-position":"center center","background-size":"auto","background-attachment":"scroll","background-type":"","background-media":"","overlay-type":"","overlay-color":"","overlay-opacity":"","overlay-gradient":""},"mobile":{"background-color":"","background-image":"","background-repeat":"repeat","background-position":"center center","background-size":"auto","background-attachment":"scroll","background-type":"","background-media":"","overlay-type":"","overlay-color":"","overlay-opacity":"","overlay-gradient":""}},"ast-content-background-meta":{"desktop":{"background-color":"var(--ast-global-color-5)","background-image":"","background-repeat":"repeat","background-position":"center center","background-size":"auto","background-attachment":"scroll","background-type":"","background-media":"","overlay-type":"","overlay-color":"","overlay-opacity":"","overlay-gradient":""},"tablet":{"background-color":"var(--ast-global-color-5)","background-image":"","background-repeat":"repeat","background-position":"center center","background-size":"auto","background-attachment":"scroll","background-type":"","background-media":"","overlay-type":"","overlay-color":"","overlay-opacity":"","overlay-gradient":""},"mobile":{"background-color":"var(--ast-global-color-5)","background-image":"","background-repeat":"repeat","background-position":"center center","background-size":"auto","background-attachment":"scroll","background-type":"","background-media":"","overlay-type":"","overlay-color":"","overlay-opacity":"","overlay-gradient":""}},"footnotes":""},"class_list":["post-1377","page","type-page","status-publish","hentry"],"_links":{"self":[{"href":"https:\/\/www.colegiocontadero.edu.mx\/index.php\/wp-json\/wp\/v2\/pages\/1377","targetHints":{"allow":["GET"]}}],"collection":[{"href":"https:\/\/www.colegiocontadero.edu.mx\/index.php\/wp-json\/wp\/v2\/pages"}],"about":[{"href":"https:\/\/www.colegiocontadero.edu.mx\/index.php\/wp-json\/wp\/v2\/types\/page"}],"author":[{"embeddable":true,"href":"https:\/\/www.colegiocontadero.edu.mx\/index.php\/wp-json\/wp\/v2\/users\/1"}],"replies":[{"embeddable":true,"href":"https:\/\/www.colegiocontadero.edu.mx\/index.php\/wp-json\/wp\/v2\/comments?post=1377"}],"version-history":[{"count":27,"href":"https:\/\/www.colegiocontadero.edu.mx\/index.php\/wp-json\/wp\/v2\/pages\/1377\/revisions"}],"predecessor-version":[{"id":1670,"href":"https:\/\/www.colegiocontadero.edu.mx\/index.php\/wp-json\/wp\/v2\/pages\/1377\/revisions\/1670"}],"wp:attachment":[{"href":"https:\/\/www.colegiocontadero.edu.mx\/index.php\/wp-json\/wp\/v2\/media?parent=1377"}],"curies":[{"name":"wp","href":"https:\/\/api.w.org\/{rel}","templated":true}]}}